{"id":2,"date":"2013-01-20T10:57:20","date_gmt":"2013-01-20T10:57:20","guid":{"rendered":"http:\/\/www.comunicacionesinalambricashoy.com\/wireless\/?page_id=2"},"modified":"2022-08-02T10:01:14","modified_gmt":"2022-08-02T08:01:14","slug":"acerca-del-autor","status":"publish","type":"page","link":"https:\/\/www.comunicacionesinalambricashoy.com\/wireless\/acerca-del-autor\/","title":{"rendered":"Acerca del autor"},"content":{"rendered":"\n<p>Hola a todos. Me han dado la oportunidad de escribir en este blog, lo cual considero un honor y espero poder pasar un poco de mis conocimientos sobre las tecnolog\u00edas inal\u00e1mbricas a los dem\u00e1s.<\/p>\n\n\n<div class=\"wp-block-image\">\n<figure class=\"alignleft size-full\"><img loading=\"lazy\" decoding=\"async\" width=\"300\" height=\"374\" src=\"https:\/\/www.comunicacionesinalambricashoy.com\/wireless\/wp-content\/uploads\/2022\/08\/Oscar-Ubierna.jpg\" alt=\"Oscar Ubierna, Acerca del autor\" class=\"wp-image-665\" srcset=\"https:\/\/www.comunicacionesinalambricashoy.com\/wireless\/wp-content\/uploads\/2022\/08\/Oscar-Ubierna.jpg 300w, https:\/\/www.comunicacionesinalambricashoy.com\/wireless\/wp-content\/uploads\/2022\/08\/Oscar-Ubierna-241x300.jpg 241w\" sizes=\"auto, (max-width: 300px) 100vw, 300px\" \/><\/figure>\n<\/div>\n\n\n<p>Me presento, mi nombre es <b>\u00d3scar Ubierna Yubero<\/b>, ingeniero de telecomunicaciones con casi 20 a\u00f1os de experiencia trabajando con tecnolog\u00edas inal\u00e1mbricas. Primero con <b>m\u00f3viles<\/b>, cuando todav\u00eda eran anal\u00f3gicos y haciendo la transici\u00f3n a digital, despu\u00e9s con <b>WiMAX<\/b> cuando estaba empezando y las expectativas eran muy altas y actualmente con <b>WiFi<\/b> y protocolos <b>WAN<\/b> inal\u00e1mbricos.<\/p>\n\n\n\n<p>Escribir un blog es una tarea complicada, inicialmente pareciera que simplemente tienes que escribir cosas sobre las que sabes, pero despu\u00e9s te das cuenta de que tienes que adaptar la forma de exponer las cosas a los conocimientos de las personas que leen el blog, y en este caso es un amplio espectro. No es mi intenci\u00f3n escribir art\u00edculos excesivamente t\u00e9cnicos para ingenieros que trabajen o dise\u00f1en con estas tecnolog\u00edas, sino m\u00e1s bien <b>ser lo m\u00e1s pr\u00e1ctico posible y dar a conocer las tecnolog\u00edas inal\u00e1mbricas<\/b>, las novedades, los diferentes equipos necesarios y sus aplicaciones de una manera pr\u00e1ctica, fij\u00e1ndome en los detalles de utilizaci\u00f3n para que pueda servir para entender cu\u00e1les son las diferentes aplicaciones.<\/p>\n\n\n\n<p>Espero que los lectores encuentren este blog interesante y tambi\u00e9n espero que no se conformen solo con leer, sino que <b>participen y pregunten<\/b>.<\/p>\n\n\n\n<p>Bienvenidos.<\/p>\n\n\n\n<p>\u00d3scar Ubierna<\/p>\n","protected":false},"excerpt":{"rendered":"<p>Hola a todos. Me han dado la oportunidad de escribir en este blog, lo cual considero un honor y espero poder pasar un poco de mis conocimientos sobre las tecnolog\u00edas inal\u00e1mbricas a los dem\u00e1s. Me presento, mi nombre es \u00d3scar Ubierna Yubero, ingeniero de telecomunicaciones con casi 20 a\u00f1os de experiencia trabajando con tecnolog\u00edas inal\u00e1mbricas. &hellip; <a href=\"https:\/\/www.comunicacionesinalambricashoy.com\/wireless\/acerca-del-autor\/\" class=\"more-link\">Seguir leyendo <span class=\"screen-reader-text\">Acerca del autor<\/span> <span class=\"meta-nav\">&rarr;<\/span><\/a><\/p>\n","protected":false},"author":2,"featured_media":0,"parent":0,"menu_order":1,"comment_status":"open","ping_status":"closed","template":"","meta":{"footnotes":""},"class_list":["post-2","page","type-page","status-publish","hentry"],"yoast_head":"<!-- This site is optimized with the Yoast SEO plugin v27.4 - https:\/\/yoast.com\/product\/yoast-seo-wordpress\/ -->\n<title>Acerca del autor - Blog de tecnolog\u00eda wireless<\/title>\n<meta name=\"description\" content=\"Mi nombre es \u00d3scar Ubierna Yubero, ingeniero de telecomunicaciones con casi 20 a\u00f1os de experiencia trabajando con tecnolog\u00edas inal\u00e1mbricas.\" \/>\n<meta name=\"robots\" content=\"index, follow, max-snippet:-1, max-image-preview:large, max-video-preview:-1\" \/>\n<link rel=\"canonical\" href=\"https:\/\/www.comunicacionesinalambricashoy.com\/wireless\/acerca-del-autor\/\" \/>\n<meta property=\"og:locale\" content=\"es_ES\" \/>\n<meta property=\"og:type\" content=\"article\" \/>\n<meta property=\"og:title\" content=\"Acerca del autor - Blog de tecnolog\u00eda wireless\" \/>\n<meta property=\"og:description\" content=\"Mi nombre es \u00d3scar Ubierna Yubero, ingeniero de telecomunicaciones con casi 20 a\u00f1os de experiencia trabajando con tecnolog\u00edas inal\u00e1mbricas.\" \/>\n<meta property=\"og:url\" content=\"https:\/\/www.comunicacionesinalambricashoy.com\/wireless\/acerca-del-autor\/\" \/>\n<meta property=\"og:site_name\" content=\"Blog de tecnolog\u00eda wireless\" \/>\n<meta property=\"article:modified_time\" content=\"2022-08-02T08:01:14+00:00\" \/>\n<meta property=\"og:image\" content=\"https:\/\/www.comunicacionesinalambricashoy.com\/wireless\/wp-content\/uploads\/2022\/08\/Oscar-Ubierna.jpg\" \/>\n<meta name=\"twitter:card\" content=\"summary_large_image\" \/>\n<meta name=\"twitter:label1\" content=\"Tiempo de lectura\" \/>\n\t<meta name=\"twitter:data1\" content=\"2 minutos\" \/>\n<script type=\"application\/ld+json\" class=\"yoast-schema-graph\">{\"@context\":\"https:\\\/\\\/schema.org\",\"@graph\":[{\"@type\":\"WebPage\",\"@id\":\"https:\\\/\\\/www.comunicacionesinalambricashoy.com\\\/wireless\\\/acerca-del-autor\\\/\",\"url\":\"https:\\\/\\\/www.comunicacionesinalambricashoy.com\\\/wireless\\\/acerca-del-autor\\\/\",\"name\":\"Acerca del autor - Blog de tecnolog\u00eda wireless\",\"isPartOf\":{\"@id\":\"https:\\\/\\\/www.comunicacionesinalambricashoy.com\\\/wireless\\\/#website\"},\"primaryImageOfPage\":{\"@id\":\"https:\\\/\\\/www.comunicacionesinalambricashoy.com\\\/wireless\\\/acerca-del-autor\\\/#primaryimage\"},\"image\":{\"@id\":\"https:\\\/\\\/www.comunicacionesinalambricashoy.com\\\/wireless\\\/acerca-del-autor\\\/#primaryimage\"},\"thumbnailUrl\":\"https:\\\/\\\/www.comunicacionesinalambricashoy.com\\\/wireless\\\/wp-content\\\/uploads\\\/2022\\\/08\\\/Oscar-Ubierna.jpg\",\"datePublished\":\"2013-01-20T10:57:20+00:00\",\"dateModified\":\"2022-08-02T08:01:14+00:00\",\"description\":\"Mi nombre es \u00d3scar Ubierna Yubero, ingeniero de telecomunicaciones con casi 20 a\u00f1os de experiencia trabajando con tecnolog\u00edas inal\u00e1mbricas.\",\"inLanguage\":\"es\",\"potentialAction\":[{\"@type\":\"ReadAction\",\"target\":[\"https:\\\/\\\/www.comunicacionesinalambricashoy.com\\\/wireless\\\/acerca-del-autor\\\/\"]}]},{\"@type\":\"ImageObject\",\"inLanguage\":\"es\",\"@id\":\"https:\\\/\\\/www.comunicacionesinalambricashoy.com\\\/wireless\\\/acerca-del-autor\\\/#primaryimage\",\"url\":\"https:\\\/\\\/www.comunicacionesinalambricashoy.com\\\/wireless\\\/wp-content\\\/uploads\\\/2022\\\/08\\\/Oscar-Ubierna.jpg\",\"contentUrl\":\"https:\\\/\\\/www.comunicacionesinalambricashoy.com\\\/wireless\\\/wp-content\\\/uploads\\\/2022\\\/08\\\/Oscar-Ubierna.jpg\",\"width\":300,\"height\":374},{\"@type\":\"WebSite\",\"@id\":\"https:\\\/\\\/www.comunicacionesinalambricashoy.com\\\/wireless\\\/#website\",\"url\":\"https:\\\/\\\/www.comunicacionesinalambricashoy.com\\\/wireless\\\/\",\"name\":\"Blog de tecnolog\u00eda wireless\",\"description\":\"Comentarios sobre el mundo WIFI, WIMAX, LTE, 3G, ZIGBEE,\u2026\",\"publisher\":{\"@id\":\"https:\\\/\\\/www.comunicacionesinalambricashoy.com\\\/wireless\\\/#organization\"},\"potentialAction\":[{\"@type\":\"SearchAction\",\"target\":{\"@type\":\"EntryPoint\",\"urlTemplate\":\"https:\\\/\\\/www.comunicacionesinalambricashoy.com\\\/wireless\\\/?s={search_term_string}\"},\"query-input\":{\"@type\":\"PropertyValueSpecification\",\"valueRequired\":true,\"valueName\":\"search_term_string\"}}],\"inLanguage\":\"es\"},{\"@type\":\"Organization\",\"@id\":\"https:\\\/\\\/www.comunicacionesinalambricashoy.com\\\/wireless\\\/#organization\",\"name\":\"NTDhoy, S.L.\",\"url\":\"https:\\\/\\\/www.comunicacionesinalambricashoy.com\\\/wireless\\\/\",\"logo\":{\"@type\":\"ImageObject\",\"inLanguage\":\"es\",\"@id\":\"https:\\\/\\\/www.comunicacionesinalambricashoy.com\\\/wireless\\\/#\\\/schema\\\/logo\\\/image\\\/\",\"url\":\"https:\\\/\\\/www.comunicacionesinalambricashoy.com\\\/wireless\\\/wp-content\\\/uploads\\\/2019\\\/12\\\/NTDhoy.png\",\"contentUrl\":\"https:\\\/\\\/www.comunicacionesinalambricashoy.com\\\/wireless\\\/wp-content\\\/uploads\\\/2019\\\/12\\\/NTDhoy.png\",\"width\":287,\"height\":287,\"caption\":\"NTDhoy, S.L.\"},\"image\":{\"@id\":\"https:\\\/\\\/www.comunicacionesinalambricashoy.com\\\/wireless\\\/#\\\/schema\\\/logo\\\/image\\\/\"}}]}<\/script>\n<!-- \/ Yoast SEO plugin. -->","yoast_head_json":{"title":"Acerca del autor - Blog de tecnolog\u00eda wireless","description":"Mi nombre es \u00d3scar Ubierna Yubero, ingeniero de telecomunicaciones con casi 20 a\u00f1os de experiencia trabajando con tecnolog\u00edas inal\u00e1mbricas.","robots":{"index":"index","follow":"follow","max-snippet":"max-snippet:-1","max-image-preview":"max-image-preview:large","max-video-preview":"max-video-preview:-1"},"canonical":"https:\/\/www.comunicacionesinalambricashoy.com\/wireless\/acerca-del-autor\/","og_locale":"es_ES","og_type":"article","og_title":"Acerca del autor - Blog de tecnolog\u00eda wireless","og_description":"Mi nombre es \u00d3scar Ubierna Yubero, ingeniero de telecomunicaciones con casi 20 a\u00f1os de experiencia trabajando con tecnolog\u00edas inal\u00e1mbricas.","og_url":"https:\/\/www.comunicacionesinalambricashoy.com\/wireless\/acerca-del-autor\/","og_site_name":"Blog de tecnolog\u00eda wireless","article_modified_time":"2022-08-02T08:01:14+00:00","og_image":[{"url":"https:\/\/www.comunicacionesinalambricashoy.com\/wireless\/wp-content\/uploads\/2022\/08\/Oscar-Ubierna.jpg","type":"","width":"","height":""}],"twitter_card":"summary_large_image","twitter_misc":{"Tiempo de lectura":"2 minutos"},"schema":{"@context":"https:\/\/schema.org","@graph":[{"@type":"WebPage","@id":"https:\/\/www.comunicacionesinalambricashoy.com\/wireless\/acerca-del-autor\/","url":"https:\/\/www.comunicacionesinalambricashoy.com\/wireless\/acerca-del-autor\/","name":"Acerca del autor - Blog de tecnolog\u00eda wireless","isPartOf":{"@id":"https:\/\/www.comunicacionesinalambricashoy.com\/wireless\/#website"},"primaryImageOfPage":{"@id":"https:\/\/www.comunicacionesinalambricashoy.com\/wireless\/acerca-del-autor\/#primaryimage"},"image":{"@id":"https:\/\/www.comunicacionesinalambricashoy.com\/wireless\/acerca-del-autor\/#primaryimage"},"thumbnailUrl":"https:\/\/www.comunicacionesinalambricashoy.com\/wireless\/wp-content\/uploads\/2022\/08\/Oscar-Ubierna.jpg","datePublished":"2013-01-20T10:57:20+00:00","dateModified":"2022-08-02T08:01:14+00:00","description":"Mi nombre es \u00d3scar Ubierna Yubero, ingeniero de telecomunicaciones con casi 20 a\u00f1os de experiencia trabajando con tecnolog\u00edas inal\u00e1mbricas.","inLanguage":"es","potentialAction":[{"@type":"ReadAction","target":["https:\/\/www.comunicacionesinalambricashoy.com\/wireless\/acerca-del-autor\/"]}]},{"@type":"ImageObject","inLanguage":"es","@id":"https:\/\/www.comunicacionesinalambricashoy.com\/wireless\/acerca-del-autor\/#primaryimage","url":"https:\/\/www.comunicacionesinalambricashoy.com\/wireless\/wp-content\/uploads\/2022\/08\/Oscar-Ubierna.jpg","contentUrl":"https:\/\/www.comunicacionesinalambricashoy.com\/wireless\/wp-content\/uploads\/2022\/08\/Oscar-Ubierna.jpg","width":300,"height":374},{"@type":"WebSite","@id":"https:\/\/www.comunicacionesinalambricashoy.com\/wireless\/#website","url":"https:\/\/www.comunicacionesinalambricashoy.com\/wireless\/","name":"Blog de tecnolog\u00eda wireless","description":"Comentarios sobre el mundo WIFI, WIMAX, LTE, 3G, ZIGBEE,\u2026","publisher":{"@id":"https:\/\/www.comunicacionesinalambricashoy.com\/wireless\/#organization"},"potentialAction":[{"@type":"SearchAction","target":{"@type":"EntryPoint","urlTemplate":"https:\/\/www.comunicacionesinalambricashoy.com\/wireless\/?s={search_term_string}"},"query-input":{"@type":"PropertyValueSpecification","valueRequired":true,"valueName":"search_term_string"}}],"inLanguage":"es"},{"@type":"Organization","@id":"https:\/\/www.comunicacionesinalambricashoy.com\/wireless\/#organization","name":"NTDhoy, S.L.","url":"https:\/\/www.comunicacionesinalambricashoy.com\/wireless\/","logo":{"@type":"ImageObject","inLanguage":"es","@id":"https:\/\/www.comunicacionesinalambricashoy.com\/wireless\/#\/schema\/logo\/image\/","url":"https:\/\/www.comunicacionesinalambricashoy.com\/wireless\/wp-content\/uploads\/2019\/12\/NTDhoy.png","contentUrl":"https:\/\/www.comunicacionesinalambricashoy.com\/wireless\/wp-content\/uploads\/2019\/12\/NTDhoy.png","width":287,"height":287,"caption":"NTDhoy, S.L."},"image":{"@id":"https:\/\/www.comunicacionesinalambricashoy.com\/wireless\/#\/schema\/logo\/image\/"}}]}},"_links":{"self":[{"href":"https:\/\/www.comunicacionesinalambricashoy.com\/wireless\/wp-json\/wp\/v2\/pages\/2","targetHints":{"allow":["GET"]}}],"collection":[{"href":"https:\/\/www.comunicacionesinalambricashoy.com\/wireless\/wp-json\/wp\/v2\/pages"}],"about":[{"href":"https:\/\/www.comunicacionesinalambricashoy.com\/wireless\/wp-json\/wp\/v2\/types\/page"}],"author":[{"embeddable":true,"href":"https:\/\/www.comunicacionesinalambricashoy.com\/wireless\/wp-json\/wp\/v2\/users\/2"}],"replies":[{"embeddable":true,"href":"https:\/\/www.comunicacionesinalambricashoy.com\/wireless\/wp-json\/wp\/v2\/comments?post=2"}],"version-history":[{"count":4,"href":"https:\/\/www.comunicacionesinalambricashoy.com\/wireless\/wp-json\/wp\/v2\/pages\/2\/revisions"}],"predecessor-version":[{"id":666,"href":"https:\/\/www.comunicacionesinalambricashoy.com\/wireless\/wp-json\/wp\/v2\/pages\/2\/revisions\/666"}],"wp:attachment":[{"href":"https:\/\/www.comunicacionesinalambricashoy.com\/wireless\/wp-json\/wp\/v2\/media?parent=2"}],"curies":[{"name":"wp","href":"https:\/\/api.w.org\/{rel}","templated":true}]}}